{"id":82,"date":"2025-08-01T14:06:25","date_gmt":"2025-08-01T14:06:25","guid":{"rendered":"https:\/\/ddsenergia.hu\/?page_id=82"},"modified":"2025-09-04T11:16:49","modified_gmt":"2025-09-04T11:16:49","slug":"szolgaltatasaink","status":"publish","type":"page","link":"https:\/\/ddsenergia.hu\/index.php\/szolgaltatasaink\/","title":{"rendered":"Szolg\u00e1ltat\u00e1saink"},"content":{"rendered":"<p>[et_pb_section fb_built=&#8221;1&#8243; admin_label=&#8221;Header&#8221; _builder_version=&#8221;4.27.4&#8243; _module_preset=&#8221;default&#8221; overflow-x=&#8221;hidden&#8221; overflow-y=&#8221;hidden&#8221; hover_enabled=&#8221;0&#8243; collapsed=&#8221;on&#8221; global_colors_info=&#8221;{}&#8221; title_text=&#8221;energy-7&#8243; background_image=&#8221;https:\/\/ddsenergia.hu\/wp-content\/uploads\/2025\/08\/energy-7.jpg&#8221; sticky_enabled=&#8221;0&#8243;][et_pb_row _builder_version=&#8221;4.24.0&#8243; _module_preset=&#8221;default&#8221; max_width=&#8221;1800px&#8221; global_colors_info=&#8221;{}&#8221;][et_pb_column type=&#8221;4_4&#8243; _builder_version=&#8221;4.22.0&#8243; _module_preset=&#8221;default&#8221; global_colors_info=&#8221;{}&#8221;][et_pb_text _builder_version=&#8221;4.27.4&#8243; _module_preset=&#8221;208d4e26-51ee-46bd-afdb-88fa72ce390c&#8221; global_colors_info=&#8221;{}&#8221;]<\/p>\n<h1>Szolg\u00e1ltat\u00e1saink<\/h1>\n<p>[\/et_pb_text][et_pb_button button_text=&#8221;El\u00e9rhet\u0151s\u00e9geink&#8221; _builder_version=&#8221;4.27.4&#8243; _module_preset=&#8221;a4518f8e-6896-473d-a02d-c2bc06172eb9&#8243; hover_enabled=&#8221;0&#8243; global_colors_info=&#8221;{}&#8221; sticky_enabled=&#8221;0&#8243; button_url=&#8221;#lablec&#8221;][\/et_pb_button][\/et_pb_column][\/et_pb_row][\/et_pb_section][et_pb_section fb_built=&#8221;1&#8243; admin_label=&#8221;Feature&#8221; _builder_version=&#8221;4.24.0&#8243; _module_preset=&#8221;default&#8221; background_color=&#8221;gcid-a93f2103-1d8b-43bb-b21d-81d84bba8b15&#8243; use_background_color_gradient=&#8221;on&#8221; background_color_gradient_stops=&#8221;#f2f0eb 0%|#ffffff 100%&#8221; custom_padding=&#8221;0px|||||&#8221; locked=&#8221;off&#8221; global_colors_info=&#8221;{%22gcid-a93f2103-1d8b-43bb-b21d-81d84bba8b15%22:%91%22background_color%22%93}&#8221;][et_pb_row column_structure=&#8221;1_3,1_3,1_3&#8243; make_equal=&#8221;on&#8221; _builder_version=&#8221;4.24.0&#8243; _module_preset=&#8221;default&#8221; max_width=&#8221;1800px&#8221; locked=&#8221;off&#8221; global_colors_info=&#8221;{}&#8221;][et_pb_column type=&#8221;1_3&#8243; _builder_version=&#8221;4.24.0&#8243; _module_preset=&#8221;default&#8221; custom_padding=&#8221;30px|30px|30px|30px|true|true&#8221; border_radii=&#8221;on|30px|30px|30px|30px&#8221; border_width_all=&#8221;2px&#8221; border_color_all=&#8221;rgba(0,0,0,0.12)&#8221; global_colors_info=&#8221;{}&#8221;][et_pb_text _builder_version=&#8221;4.27.4&#8243; _module_preset=&#8221;95537653-7393-4eb2-a6cf-5f83a879f0b9&#8243; custom_margin=&#8221;||0px||false|false&#8221; locked=&#8221;off&#8221; global_colors_info=&#8221;{}&#8221;]<\/p>\n<h5>Energetikai szakreferensi tev\u00e9kenys\u00e9g:<\/h5>\n<p>[\/et_pb_text][et_pb_text _builder_version=&#8221;4.27.4&#8243; _module_preset=&#8221;6ecb7189-1b43-4d21-86ed-9f6f6cd1b6c8&#8243; locked=&#8221;off&#8221; global_colors_info=&#8221;{}&#8221;]<\/p>\n<p>Az energetikai szakreferens ig\u00e9nybev\u00e9tel\u00e9t az energiahat\u00e9konys\u00e1gr\u00f3l sz\u00f3l\u00f3 2015. \u00e9vi LVII. t\u00f6rv\u00e9ny \u00edrja el\u0151 minden, adott energiafelhaszn\u00e1l\u00e1s\u00fa gazd\u00e1lkod\u00f3 szervezet sz\u00e1m\u00e1ra.<br \/>Az energetikai szakreferensi tev\u00e9kenys\u00e9g az al\u00e1bbi szolg\u00e1ltat\u00e1sokat tartalmazza:<br \/>\u2022 Havi \u00e9s \u00e9ves riportok k\u00e9sz\u00edt\u00e9se<br \/>\u2022 Havi energiahat\u00e9konys\u00e1gi h\u00edrlev\u00e9l<br \/>\u2022 \u00c9ves jelent\u00e9s elk\u00e9sz\u00edt\u00e9se<\/p>\n<p>[\/et_pb_text][\/et_pb_column][et_pb_column type=&#8221;1_3&#8243; _builder_version=&#8221;4.22.0&#8243; _module_preset=&#8221;default&#8221; custom_padding=&#8221;30px|30px|30px|30px|true|true&#8221; border_radii=&#8221;on|30px|30px|30px|30px&#8221; border_width_all=&#8221;2px&#8221; border_color_all=&#8221;rgba(0,0,0,0.12)&#8221; global_colors_info=&#8221;{}&#8221;][et_pb_text _builder_version=&#8221;4.27.4&#8243; _module_preset=&#8221;95537653-7393-4eb2-a6cf-5f83a879f0b9&#8243; custom_margin=&#8221;||0px||false|false&#8221; locked=&#8221;off&#8221; global_colors_info=&#8221;{}&#8221;]<\/p>\n<h5>\u00c9p\u00fclet energetikai tan\u00fas\u00edt\u00e1s:<\/h5>\n<p>[\/et_pb_text][et_pb_text _builder_version=&#8221;4.27.4&#8243; _module_preset=&#8221;6ecb7189-1b43-4d21-86ed-9f6f6cd1b6c8&#8243; locked=&#8221;off&#8221; global_colors_info=&#8221;{}&#8221;]<\/p>\n<p>P\u00e1ly\u00e1zatok, ingatlan ad\u00e1s-v\u00e9tel, b\u00e9rbead\u00e1s eset\u00e9n v\u00e1llaljuk hiteles\u00edtett \u00e9p\u00fclet energetikai tan\u00fas\u00edtv\u00e1nyok elk\u00e9sz\u00edt\u00e9s\u00e9t<\/p>\n<p>[\/et_pb_text][\/et_pb_column][et_pb_column type=&#8221;1_3&#8243; _builder_version=&#8221;4.24.0&#8243; _module_preset=&#8221;default&#8221; custom_padding=&#8221;30px|30px|30px|30px|true|true&#8221; border_radii=&#8221;on|30px|30px|30px|30px&#8221; border_width_all=&#8221;2px&#8221; border_color_all=&#8221;rgba(0,0,0,0.12)&#8221; global_colors_info=&#8221;{}&#8221;][et_pb_text _builder_version=&#8221;4.27.4&#8243; _module_preset=&#8221;95537653-7393-4eb2-a6cf-5f83a879f0b9&#8243; custom_margin=&#8221;||0px||false|false&#8221; locked=&#8221;off&#8221; global_colors_info=&#8221;{}&#8221;]<\/p>\n<h5>Energiagazd\u00e1lkod\u00e1s \u00e9s beszerz\u00e9s:<\/h5>\n<p>[\/et_pb_text][et_pb_text _builder_version=&#8221;4.27.4&#8243; _module_preset=&#8221;6ecb7189-1b43-4d21-86ed-9f6f6cd1b6c8&#8243; locked=&#8221;off&#8221; global_colors_info=&#8221;{}&#8221;]<\/p>\n<p>Tev\u00e9kenys\u00e9g\u00fcnk sor\u00e1n megvizsg\u00e1ljuk az \u00fcgyfeleinknek, hogy hogyan tudnak versenyk\u00e9pesebbek lenni, azaz kevesebbet \u00e9s olcs\u00f3bban fogyasztani. Optimaliz\u00e1ljuk kereskedelmi \u00e9s h\u00e1l\u00f3zati szerz\u0151d\u00e9seket, valamint felt\u00e1rjuk az energiafelhaszn\u00e1l\u00e1s f\u0151bb ter\u00fcleteit, azonos\u00edtjuk az energiavesztes\u00e9geket, majd k\u00f6lts\u00e9ghat\u00e9kony javaslatokat tesz\u00fcnk megtakar\u00edt\u00e1si lehet\u0151s\u00e9gekre.<\/p>\n<p>[\/et_pb_text][\/et_pb_column][\/et_pb_row][et_pb_row column_structure=&#8221;1_2,1_2&#8243; make_equal=&#8221;on&#8221; _builder_version=&#8221;4.24.0&#8243; _module_preset=&#8221;default&#8221; max_width=&#8221;1800px&#8221; locked=&#8221;off&#8221; global_colors_info=&#8221;{}&#8221;][et_pb_column type=&#8221;1_2&#8243; _builder_version=&#8221;4.24.0&#8243; _module_preset=&#8221;default&#8221; custom_padding=&#8221;30px|30px|30px|30px|true|true&#8221; border_radii=&#8221;on|30px|30px|30px|30px&#8221; border_width_all=&#8221;2px&#8221; border_color_all=&#8221;rgba(0,0,0,0.12)&#8221; global_colors_info=&#8221;{}&#8221;][et_pb_text _builder_version=&#8221;4.27.4&#8243; _module_preset=&#8221;95537653-7393-4eb2-a6cf-5f83a879f0b9&#8243; custom_margin=&#8221;||0px||false|false&#8221; locked=&#8221;off&#8221; global_colors_info=&#8221;{}&#8221;]<\/p>\n<h5>Energetikai audit:<\/h5>\n<p>[\/et_pb_text][et_pb_text _builder_version=&#8221;4.27.4&#8243; _module_preset=&#8221;6ecb7189-1b43-4d21-86ed-9f6f6cd1b6c8&#8243; locked=&#8221;off&#8221; global_colors_info=&#8221;{}&#8221;]<\/p>\n<p>V\u00e1llaljuk k\u00f6telez\u0151 energiahat\u00e9konys\u00e1gi auditok, valamint TAO \u00e9s EKR auditok elv\u00e9gz\u00e9s\u00e9t.<\/p>\n<p>[\/et_pb_text][\/et_pb_column][et_pb_column type=&#8221;1_2&#8243; _builder_version=&#8221;4.22.0&#8243; _module_preset=&#8221;default&#8221; custom_padding=&#8221;30px|30px|30px|30px|true|true&#8221; border_radii=&#8221;on|30px|30px|30px|30px&#8221; border_width_all=&#8221;2px&#8221; border_color_all=&#8221;rgba(0,0,0,0.12)&#8221; global_colors_info=&#8221;{}&#8221;][et_pb_text _builder_version=&#8221;4.27.4&#8243; _module_preset=&#8221;95537653-7393-4eb2-a6cf-5f83a879f0b9&#8243; custom_margin=&#8221;||0px||false|false&#8221; locked=&#8221;off&#8221; global_colors_info=&#8221;{}&#8221;]<\/p>\n<h5>Alfogyaszt\u00f3i elsz\u00e1mol\u00e1s:<\/h5>\n<p>[\/et_pb_text][et_pb_text _builder_version=&#8221;4.27.4&#8243; _module_preset=&#8221;6ecb7189-1b43-4d21-86ed-9f6f6cd1b6c8&#8243; locked=&#8221;off&#8221; global_colors_info=&#8221;{}&#8221;]<\/p>\n<p>Szolg\u00e1ltat\u00e1sunk keret\u00e9ben \u00e1tv\u00e1llaljuk ipari \u00e9s kereskedelmi v\u00e1llalkoz\u00e1sok, b\u00e9rl\u0151i energiafogyaszt\u00e1sainak (\u00e1ram, f\u00f6ldg\u00e1z, t\u00e1vh\u0151, v\u00edz) nyilv\u00e1ntart\u00e1s\u00e1t, ellen\u0151rz\u00e9s\u00e9t \u00e9s elsz\u00e1mol\u00e1s\u00e1t Biztos\u00edtjuk az energiak\u00f6lts\u00e9gek kezel\u00e9s\u00e9t, t\u00e1mogatva partnereink g\u00f6rd\u00fcl\u00e9keny \u00e9s k\u00f6lts\u00e9ghat\u00e9kony m\u0171k\u00f6d\u00e9s\u00e9t.<\/p>\n<p>[\/et_pb_text][\/et_pb_column][\/et_pb_row][\/et_pb_section]<\/p>\n","protected":false},"excerpt":{"rendered":"<p>Szolg\u00e1ltat\u00e1sainkEnergetikai szakreferensi tev\u00e9kenys\u00e9g:Az energetikai szakreferens ig\u00e9nybev\u00e9tel\u00e9t az energiahat\u00e9konys\u00e1gr\u00f3l sz\u00f3l\u00f3 2015. \u00e9vi LVII. t\u00f6rv\u00e9ny \u00edrja el\u0151 minden, adott energiafelhaszn\u00e1l\u00e1s\u00fa gazd\u00e1lkod\u00f3 szervezet sz\u00e1m\u00e1ra.Az energetikai szakreferensi tev\u00e9kenys\u00e9g az al\u00e1bbi szolg\u00e1ltat\u00e1sokat tartalmazza:\u2022 Havi \u00e9s \u00e9ves riportok k\u00e9sz\u00edt\u00e9se\u2022 Havi energiahat\u00e9konys\u00e1gi h\u00edrlev\u00e9l\u2022 \u00c9ves jelent\u00e9s elk\u00e9sz\u00edt\u00e9se\u00c9p\u00fclet energetikai tan\u00fas\u00edt\u00e1s:P\u00e1ly\u00e1zatok, ingatlan ad\u00e1s-v\u00e9tel, b\u00e9rbead\u00e1s eset\u00e9n v\u00e1llaljuk hiteles\u00edtett \u00e9p\u00fclet energetikai tan\u00fas\u00edtv\u00e1nyok elk\u00e9sz\u00edt\u00e9s\u00e9tEnergiagazd\u00e1lkod\u00e1s \u00e9s beszerz\u00e9s:Tev\u00e9kenys\u00e9g\u00fcnk sor\u00e1n megvizsg\u00e1ljuk [&hellip;]<\/p>\n","protected":false},"author":1,"featured_media":0,"parent":0,"menu_order":0,"comment_status":"closed","ping_status":"closed","template":"","meta":{"_et_pb_use_builder":"on","_et_pb_old_content":"","_et_gb_content_width":"","footnotes":""},"class_list":["post-82","page","type-page","status-publish","hentry"],"_links":{"self":[{"href":"https:\/\/ddsenergia.hu\/index.php\/wp-json\/wp\/v2\/pages\/82","targetHints":{"allow":["GET"]}}],"collection":[{"href":"https:\/\/ddsenergia.hu\/index.php\/wp-json\/wp\/v2\/pages"}],"about":[{"href":"https:\/\/ddsenergia.hu\/index.php\/wp-json\/wp\/v2\/types\/page"}],"author":[{"embeddable":true,"href":"https:\/\/ddsenergia.hu\/index.php\/wp-json\/wp\/v2\/users\/1"}],"replies":[{"embeddable":true,"href":"https:\/\/ddsenergia.hu\/index.php\/wp-json\/wp\/v2\/comments?post=82"}],"version-history":[{"count":4,"href":"https:\/\/ddsenergia.hu\/index.php\/wp-json\/wp\/v2\/pages\/82\/revisions"}],"predecessor-version":[{"id":141,"href":"https:\/\/ddsenergia.hu\/index.php\/wp-json\/wp\/v2\/pages\/82\/revisions\/141"}],"wp:attachment":[{"href":"https:\/\/ddsenergia.hu\/index.php\/wp-json\/wp\/v2\/media?parent=82"}],"curies":[{"name":"wp","href":"https:\/\/api.w.org\/{rel}","templated":true}]}}